{"id":97,"date":"2020-11-28T13:28:26","date_gmt":"2020-11-28T13:28:26","guid":{"rendered":"http:\/\/krupinski.de\/?page_id=97"},"modified":"2020-11-28T13:32:43","modified_gmt":"2020-11-28T13:32:43","slug":"kontakt","status":"publish","type":"page","link":"http:\/\/krupinski.de\/?page_id=97","title":{"rendered":"Kontakt"},"content":{"rendered":"<p>Dipl.-Ing. Jacek M. Krupinski<\/p>\n<p>von der Berufsgenossenschaft erm\u00e4chtigter Sachverst\u00e4ndiger f\u00fcr die Pr\u00fcfung von Kranen BG-Z 1586<\/p>\n<p>Johannes-Zenz Str. 3 D-54292 Trier<\/p>\n<p>Mobil: +49 171 6728325\u00a0 (Germany)<\/p>\n<p>Mobil: +48 660 183 771\u00a0 ( Polen)<\/p>\n<p>Tel.: +49 651 4361830<\/p>\n<p>Mail:\u00a0 <a href=\"mailto:jacek@krupinski.de\">jacek@krupinski.de<\/a><\/p>\n","protected":false},"excerpt":{"rendered":"<p>Dipl.-Ing. Jacek M. Krupinski von der Berufsgenossenschaft erm\u00e4chtigter Sachverst\u00e4ndiger f\u00fcr die Pr\u00fcfung von Kranen BG-Z 1586 Johannes-Zenz Str. 3 D-54292 Trier Mobil: +49 171 6728325\u00a0 (Germany) Mobil: +48 660 183 771\u00a0 ( Polen) Tel.: +49 651 4361830 Mail:\u00a0 jacek@krupinski.de<\/p>\n","protected":false},"author":1,"featured_media":0,"parent":0,"menu_order":0,"comment_status":"closed","ping_status":"closed","template":"","meta":[],"_links":{"self":[{"href":"http:\/\/krupinski.de\/index.php?rest_route=\/wp\/v2\/pages\/97"}],"collection":[{"href":"http:\/\/krupinski.de\/index.php?rest_route=\/wp\/v2\/pages"}],"about":[{"href":"http:\/\/krupinski.de\/index.php?rest_route=\/wp\/v2\/types\/page"}],"author":[{"embeddable":true,"href":"http:\/\/krupinski.de\/index.php?rest_route=\/wp\/v2\/users\/1"}],"replies":[{"embeddable":true,"href":"http:\/\/krupinski.de\/index.php?rest_route=%2Fwp%2Fv2%2Fcomments&post=97"}],"version-history":[{"count":3,"href":"http:\/\/krupinski.de\/index.php?rest_route=\/wp\/v2\/pages\/97\/revisions"}],"predecessor-version":[{"id":101,"href":"http:\/\/krupinski.de\/index.php?rest_route=\/wp\/v2\/pages\/97\/revisions\/101"}],"wp:attachment":[{"href":"http:\/\/krupinski.de\/index.php?rest_route=%2Fwp%2Fv2%2Fmedia&parent=97"}],"curies":[{"name":"wp","href":"https:\/\/api.w.org\/{rel}","templated":true}]}}